{"id":375,"date":"2015-07-28T10:03:26","date_gmt":"2015-07-28T10:03:26","guid":{"rendered":"http:\/\/demo.vegatheme.com\/archilight\/?page_id=375"},"modified":"2022-04-07T18:03:41","modified_gmt":"2022-04-07T16:03:41","slug":"onepage-version","status":"publish","type":"page","link":"https:\/\/racingwash.fr\/","title":{"rendered":"Onepage Version"},"content":{"rendered":"<p>[vc_row fullwidth=&#8221;yes&#8221; el_id=&#8221;home&#8221;][vc_column][rev_slider_vc alias=&#8221;homelight&#8221;][\/vc_column][\/vc_row][vc_row][vc_column]\n\t<!-- Element: OT Heading --> \t \n\t<h1 class=\"ot_custom_heading  \" style=\"text-align: center;\" >l'Histoire de Racing Wash<\/h1>\t\n\t<!-- Element: OT Line solid --> \t \n\t<div class=\" separator \"><span><i class=\"fa fa-circle\"><\/i><\/span><\/div>\n\t<div class=\"spacer-single\"><\/div>\t      \n[\/vc_column][\/vc_row][vc_row][vc_column width=&#8221;1\/2&#8243; offset=&#8221;vc_hidden-xs&#8221;][vc_images_carousel images=&#8221;1740,1741&#8243; img_size=&#8221;300&#215;300&#8243; css=&#8221;.vc_custom_1649347598260{margin-left: 250px !important;}&#8221;][\/vc_column][vc_column width=&#8221;1\/2&#8243;][vc_column_text]Nous avons repris d\u00e9but ao\u00fbt 2021, l&#8217;ancienne station de<br \/>\nlavage LAV&#8221;VERT situ\u00e9e dans la zone artisanale de Bosc le Hard.<\/p>\n<p>La cr\u00e9ation d&#8217;un nouveau nom, le relooking complet de la<br \/>\nstation, un nouveau savon, et le remplacement de la borne de<br \/>\npaiement du portique. Autant de nouveaut\u00e9s pour \u00eatre au<br \/>\nplus pr\u00e8s des attentes de la client\u00e8le locale et professionnelle.<\/p>\n<p>De multiples possibilit\u00e9s de r\u00e8glement : esp\u00e8ces, carte<br \/>\nbancaire et m\u00eame une nouvelle cl\u00e9 de lavage rechargeable.<\/p>\n<p>Retrouvez toutes nos derni\u00e8res actualit\u00e9s sur la page<br \/>\n<strong><a href=\"https:\/\/www.facebook.com\/racingwash76\/\">Facebook<\/a><\/strong>.[\/vc_column_text][\/vc_column][\/vc_row][vc_row css=&#8221;.vc_custom_1495701052108{padding-top: 90px !important;padding-bottom: 60px !important;}&#8221; el_id=&#8221;services&#8221;][vc_column animate=&#8221;fadeinup&#8221;]\n\t<!-- Element: OT Heading --> \t \n\t<h1 class=\"ot_custom_heading  \" style=\"text-align: center;\" >Station de lavage \u00e0 Bosc le Hard<\/h1>\t\n\t<!-- Element: OT Line solid --> \t \n\t<div class=\" separator \"><span><i class=\"fa fa-circle\"><\/i><\/span><\/div>\n\t<div class=\"spacer-single\"><\/div>\t      \n[\/vc_column][vc_column width=&#8221;1\/3&#8243; animate=&#8221;fadeinleft&#8221;]\n\t<!-- Element: OT Heading --> \t \n\t<h3 class=\"ot_custom_heading  \" style=\"\" ><b>Pistes <\/b> de lavage haute pression<\/h3>\t\n[vc_single_image image=&#8221;1750&#8243; img_size=&#8221;2000&#215;1000&#8243;][\/vc_column][vc_column width=&#8221;1\/3&#8243; animate=&#8221;fadeinup&#8221;]\n\t<!-- Element: OT Heading --> \t \n\t<h3 class=\"ot_custom_heading  \" style=\"\" ><b>Portique <\/b> \u00e0 rouleau anti rayures<\/h3>\t\n[vc_single_image image=&#8221;1754&#8243; img_size=&#8221;2000&#215;1000&#8243;][\/vc_column][vc_column width=&#8221;1\/3&#8243; animate=&#8221;fadinright&#8221;]\n\t<!-- Element: OT Heading --> \t \n\t<h3 class=\"ot_custom_heading  \" style=\"\" ><b>Aspirateurs<\/b> int\u00e9rieur<\/h3>\t\n[vc_single_image image=&#8221;1709&#8243; img_size=&#8221;2000&#215;1000&#8243;][\/vc_column][\/vc_row][vc_row el_id=&#8221;map&#8221;][vc_column][\/vc_column][\/vc_row][vc_row fullwidth=&#8221;yes&#8221;][vc_column]\n\t<!-- Element: OT Heading --> \t \n\t<h1 class=\"ot_custom_heading  \" style=\"text-align: center;\" >Nous Trouver<\/h1>\t\n\t<!-- Element: OT Line solid --> \t \n\t<div class=\" separator \"><span><i class=\"fa fa-circle\"><\/i><\/span><\/div>\n\t<div class=\"spacer-single\"><\/div>\t      \n[vc_gmaps link=&#8221;#E-8_JTNDaWZyYW1lJTIwc3JjJTNEJTIyaHR0cHMlM0ElMkYlMkZ3d3cuZ29vZ2xlLmNvbSUyRm1hcHMlMkZlbWJlZCUzRnBiJTNEJTIxMW0xOCUyMTFtMTIlMjExbTMlMjExZDI1ODQuMDg5Njg5MTc3MDAwMyUyMTJkMS4xNzEyNDM3MTU2Njc4MTU3JTIxM2Q0OS42MzM3NjQxNzkzNzEwMDYlMjEybTMlMjExZjAlMjEyZjAlMjEzZjAlMjEzbTIlMjExaTEwMjQlMjEyaTc2OCUyMTRmMTMuMSUyMTNtMyUyMTFtMiUyMTFzMHg0N2UwYzdjOTE1YzE3ZDNiJTI1M0EweDFiMTk3NjAxZjlhNDJhYzQlMjEyc1JhY2luZyUyNTIwV2FzaCUyMTVlMCUyMTNtMiUyMTFzZnIlMjEyc2ZyJTIxNHYxNjQ2OTk1MTI0NDk4JTIxNW0yJTIxMXNmciUyMTJzZnIlMjIlMjB3aWR0aCUzRCUyMjYwMCUyMiUyMGhlaWdodCUzRCUyMjQ1MCUyMiUyMHN0eWxlJTNEJTIyYm9yZGVyJTNBMCUzQiUyMiUyMGFsbG93ZnVsbHNjcmVlbiUzRCUyMiUyMiUyMGxvYWRpbmclM0QlMjJsYXp5JTIyJTNFJTNDJTJGaWZyYW1lJTNF&#8221;]\t<!-- Element: OT Line solid --> \t \n\t<div class=\" separator \"><span><i class=\"fa fa-circle\"><\/i><\/span><\/div>\n\t<div class=\"spacer-single\"><\/div>\t      \n[\/vc_column][\/vc_row][vc_row css=&#8221;.vc_custom_1649324343347{padding-top: 90px !important;padding-bottom: 90px !important;background-image: url(https:\/\/racingwash.fr\/wp-content\/uploads\/2022\/04\/IMG20220209155049.png?id=1641) !important;background-position: center !important;background-repeat: no-repeat !important;background-size: cover !important;}&#8221; el_id=&#8221;process&#8221; el_class=&#8221;text-light bg-fixed&#8221;][vc_column animate=&#8221;fadeinup&#8221;]\n\t<!-- Element: OT Heading --> \t \n\t<h1 class=\"ot_custom_heading  \" style=\"text-align: center;color: #ffffff;\" >La Station<\/h1>\t\n\t<!-- Element: OT Line solid --> \t \n\t<div class=\" separator \"><span><i class=\"fa fa-circle\"><\/i><\/span><\/div>\n\t<div class=\"spacer-single\"><\/div>\t      \n[\/vc_column][vc_column]   \n\n\t<!-- Element: OT Portfolio Gallery -->\n\t<div class=\"projects-grid-wrapper\">\n\n\t\t<div class=\"container\">\n\t        <!-- portfolio filter begin -->\n            <ul class=\"project_filters text-center wow fadeInUp\" data-wow-delay=\"0s\">\n            \t                   \n                \t\t\t\t\t\t\t    \t \n            <\/ul>\n\t        <!-- portfolio filter close -->\n\t    <\/div>\n\n\t    <div class=\"projects-grid gallery-popup-link overlay_s1 pf_2_cols wow fadeInUp\" data-wow-delay=\".3s\">\n\t    \t<div class=\"project-item-sizer\"><\/div>\n\t                     \n\t        <div class=\"project-item category- \">\n\t        \t<div class=\"projects-box\">\n\t\t\t\t\t<div class=\"projects-thumbnail\">\n\t\t\t\t\t\t<img loading=\"lazy\" decoding=\"async\" width=\"700\" height=\"466\" src=\"https:\/\/racingwash.fr\/wp-content\/uploads\/2022\/04\/BornePortique.png\" class=\"attachment-700x466 size-700x466 wp-post-image\" alt=\"\" srcset=\"https:\/\/racingwash.fr\/wp-content\/uploads\/2022\/04\/BornePortique.png 700w, https:\/\/racingwash.fr\/wp-content\/uploads\/2022\/04\/BornePortique-300x200.png 300w, https:\/\/racingwash.fr\/wp-content\/uploads\/2022\/04\/BornePortique-600x399.png 600w\" sizes=\"auto, (max-width: 700px) 100vw, 700px\" title=\"BornePortique\" \/>\t\t\t\t\t<\/div>\t\t\t\t\t\t\t\n\t\t\t\t\t<a  title=\"Un programme fid\u00e9lit\u00e9 avec cl\u00e9\" href=\"https:\/\/racingwash.fr\/wp-content\/uploads\/2022\/04\/BornePortique.png\">\n\t\t\t\t\t\t<span class=\"project-overlay\">\n\t\t\t\t\t\t\t<span class=\"project-name id-color\">Un programme fid\u00e9lit\u00e9 avec cl\u00e9<\/span>\t\n\t\t\t\t\t\t<\/span>\n\t\t\t\t\t<\/a>\t\n\t\t\t\t<\/div>\n\t        <\/div>\n\t                     \n\t        <div class=\"project-item category- \">\n\t        \t<div class=\"projects-box\">\n\t\t\t\t\t<div class=\"projects-thumbnail\">\n\t\t\t\t\t\t<img loading=\"lazy\" decoding=\"async\" width=\"700\" height=\"466\" src=\"https:\/\/racingwash.fr\/wp-content\/uploads\/2022\/04\/ProduitJantes.png\" class=\"attachment-700x466 size-700x466 wp-post-image\" alt=\"\" srcset=\"https:\/\/racingwash.fr\/wp-content\/uploads\/2022\/04\/ProduitJantes.png 700w, https:\/\/racingwash.fr\/wp-content\/uploads\/2022\/04\/ProduitJantes-300x200.png 300w, https:\/\/racingwash.fr\/wp-content\/uploads\/2022\/04\/ProduitJantes-600x399.png 600w\" sizes=\"auto, (max-width: 700px) 100vw, 700px\" title=\"ProduitJantes\" \/>\t\t\t\t\t<\/div>\t\t\t\t\t\t\t\n\t\t\t\t\t<a  title=\"Vente de produits d&#8217;entretien\" href=\"https:\/\/racingwash.fr\/wp-content\/uploads\/2022\/04\/ProduitJantes.png\">\n\t\t\t\t\t\t<span class=\"project-overlay\">\n\t\t\t\t\t\t\t<span class=\"project-name id-color\">Vente de produits d&#8217;entretien<\/span>\t\n\t\t\t\t\t\t<\/span>\n\t\t\t\t\t<\/a>\t\n\t\t\t\t<\/div>\n\t        <\/div>\n\t                \n\t    <\/div>\n\n\t    \t        <\/div>\n\n[\/vc_column][\/vc_row][vc_row css=&#8221;.vc_custom_1649253299587{padding-top: 90px !important;padding-bottom: 90px !important;}&#8221; el_id=&#8221;team&#8221;][vc_column animate=&#8221;fadeinup&#8221;]\n\t<!-- Element: OT Heading --> \t \n\t<h1 class=\"ot_custom_heading  \" style=\"text-align: center;\" >Les \u00e9quipements<\/h1>\t\n\t<!-- Element: OT Line solid --> \t \n\t<div class=\" separator \"><span><i class=\"fa fa-circle\"><\/i><\/span><\/div>\n\t<div class=\"spacer-single\"><\/div>\t      \n[\/vc_column][vc_column width=&#8221;1\/4&#8243; animate=&#8221;fadein&#8221;][vc_single_image image=&#8221;1659&#8243; alignment=&#8221;center&#8221; css=&#8221;.vc_custom_1649317985039{border-radius: 10px !important;}&#8221;]\t<!-- Element: OT Our Facts -->\n\t<div class=\"de_count vc_custom_1649258051280\">\n                <h3 class=\"timer\" data-to=\"3\" data-speed=\"2500\">0<\/h3>\n        <span>Pistes de lavage haute pression<\/span>\n    <\/div>\n\n[\/vc_column][vc_column width=&#8221;1\/4&#8243; animate=&#8221;fadein&#8221;][vc_single_image image=&#8221;1660&#8243; alignment=&#8221;center&#8221;]\t<!-- Element: OT Our Facts -->\n\t<div class=\"de_count \">\n                <h3 class=\"timer\" data-to=\"2\" data-speed=\"2500\">0<\/h3>\n        <span>Aspirateurs int\u00e9rieurs<\/span>\n    <\/div>\n\n[\/vc_column][vc_column width=&#8221;1\/4&#8243; animate=&#8221;fadein&#8221;][vc_single_image image=&#8221;1650&#8243; alignment=&#8221;center&#8221;]\t<!-- Element: OT Our Facts -->\n\t<div class=\"de_count \">\n                <h3 class=\"timer\" data-to=\"1\" data-speed=\"2500\">0<\/h3>\n        <span>Portique avec rouleau anti rayures<\/span>\n    <\/div>\n\n[\/vc_column][vc_column width=&#8221;1\/4&#8243; animate=&#8221;fadein&#8221;][vc_single_image image=&#8221;1656&#8243; alignment=&#8221;center&#8221;]\t<!-- Element: OT Our Facts -->\n\t<div class=\"de_count \">\n                <h3 class=\"timer\" data-to=\"1\" data-speed=\"2500\">0<\/h3>\n        <span>Piste adapt\u00e9e aux camping car<\/span>\n    <\/div>\n\n[\/vc_column][\/vc_row][vc_row el_id=&#8221;contact&#8221;][vc_column offset=&#8221;vc_col-lg-offset-0 vc_col-md-offset-0 vc_col-sm-offset-0&#8243;]\n\t<!-- Element: OT Heading --> \t \n\t<h1 class=\"ot_custom_heading  \" style=\"text-align: center;\" >Nous contacter<\/h1>\t\n\t<!-- Element: OT Line solid --> \t \n\t<div class=\" separator \"><span><i class=\"fa fa-circle\"><\/i><\/span><\/div>\n\t<div class=\"spacer-single\"><\/div>\t      \n[vc_row_inner][vc_column_inner width=&#8221;2\/3&#8243;]<div role=\"form\" class=\"wpcf7\" id=\"wpcf7-f283-o1\" lang=\"en-US\" dir=\"ltr\">\n<div class=\"screen-reader-response\"><p role=\"status\" aria-live=\"polite\" aria-atomic=\"true\"><\/p> <ul><\/ul><\/div>\n<form action=\"\/index.php?rest_route=%2Fwp%2Fv2%2Fpages%2F375#wpcf7-f283-o1\" method=\"post\" class=\"wpcf7-form init\" novalidate=\"novalidate\" data-status=\"init\">\n<div style=\"display: none;\">\n<input type=\"hidden\" name=\"_wpcf7\" value=\"283\" \/>\n<input type=\"hidden\" name=\"_wpcf7_version\" value=\"5.5.6\" \/>\n<input type=\"hidden\" name=\"_wpcf7_locale\" value=\"en_US\" \/>\n<input type=\"hidden\" name=\"_wpcf7_unit_tag\" value=\"wpcf7-f283-o1\" \/>\n<input type=\"hidden\" name=\"_wpcf7_container_post\" value=\"0\" \/>\n<input type=\"hidden\" name=\"_wpcf7_posted_data_hash\" value=\"\" \/>\n<input type=\"hidden\" name=\"_wpcf7_recaptcha_response\" value=\"\" \/>\n<\/div>\n<div class=\"row\">\n<div class=\"col-md-4\">\n<div><span class=\"wpcf7-form-control-wrap your-name\"><input type=\"text\" name=\"your-name\" value=\"\" size=\"40\" class=\"wpcf7-form-control wpcf7-text wpcf7-validates-as-required\" aria-required=\"true\" aria-invalid=\"false\" placeholder=\"Votre Nom\" \/><\/span> <\/div>\n<div><span class=\"wpcf7-form-control-wrap email-453\"><input type=\"email\" name=\"email-453\" value=\"\" size=\"40\" class=\"wpcf7-form-control wpcf7-text wpcf7-email wpcf7-validates-as-required wpcf7-validates-as-email\" aria-required=\"true\" aria-invalid=\"false\" placeholder=\"Votre Email\" \/><\/span> <\/div>\n<div><span class=\"wpcf7-form-control-wrap tel-565\"><input type=\"tel\" name=\"tel-565\" value=\"\" size=\"40\" class=\"wpcf7-form-control wpcf7-text wpcf7-tel wpcf7-validates-as-required wpcf7-validates-as-tel\" aria-required=\"true\" aria-invalid=\"false\" placeholder=\"Votre num\u00e9ro de t\u00e9l\u00e9phone\" \/><\/span><\/div>\n<\/div>\n<div class=\"col-md-8\">\n<div><span class=\"wpcf7-form-control-wrap message\"><textarea name=\"message\" cols=\"40\" rows=\"10\" class=\"wpcf7-form-control wpcf7-textarea wpcf7-validates-as-required\" aria-required=\"true\" aria-invalid=\"false\" placeholder=\"Votre Message\"><\/textarea><\/span><\/div>\n<\/div>\n<div class=\"col-md-12\">\n<p id=\"submit\"><input type=\"submit\" value=\"Soumettre le formulaire\" class=\"wpcf7-form-control has-spinner wpcf7-submit btn btn-line\" \/><\/p>\n<\/div>\n<\/div>\n<div class=\"wpcf7-response-output\" aria-hidden=\"true\"><\/div><\/form><\/div>[\/vc_column_inner][vc_column_inner width=&#8221;1\/3&#8243;]\n\t<!-- Element: OT Heading --> \t \n\t<h3 class=\"ot_custom_heading  \" style=\"\" >Informations de contact<\/h3>\t\n[vc_column_text]<\/p>\n<address>\n<div><strong>Adresse :<\/strong> Rue Jeanne la Lorraine, 76850 Bosc-Le-Hard<\/div>\n<p><strong>T\u00e9l\u00e9phone :\u00a0<\/strong><b><\/b><a href=\"tel:+33622494280\">0622494280<\/a><\/p>\n<\/address>\n<p>[\/vc_column_text][\/vc_column_inner][\/vc_row_inner][vc_separator][\/vc_column][\/vc_row]<\/p>\n","protected":false},"excerpt":{"rendered":"<p>[vc_row fullwidth=&#8221;yes&#8221; el_id=&#8221;home&#8221;][vc_column][rev_slider_vc alias=&#8221;homelight&#8221;][\/vc_column][\/vc_row][vc_row][vc_column][\/vc_column][\/vc_row][vc_row][vc_column width=&#8221;1\/2&#8243; offset=&#8221;vc_hidden-xs&#8221;][vc_images_carousel images=&#8221;1740,1741&#8243; img_size=&#8221;300&#215;300&#8243; css=&#8221;.vc_custom_1649347598260{margin-left: 250px !important;}&#8221;][\/vc_column][vc_column width=&#8221;1\/2&#8243;][vc_column_text]Nous avons repris d\u00e9but ao\u00fbt 2021, l&#8217;ancienne station de lavage LAV&#8221;VERT situ\u00e9e dans la zone artisanale de Bosc le Hard. La cr\u00e9ation d&#8217;un nouveau nom, le relooking complet de la station, un nouveau savon, et le remplacement de la borne de paiement du portique. [&hellip;]<\/p>\n","protected":false},"author":1,"featured_media":1499,"parent":0,"menu_order":0,"comment_status":"open","ping_status":"open","template":"page-templates\/template-onepage.php","meta":{"footnotes":""},"class_list":["post-375","page","type-page","status-publish","has-post-thumbnail","hentry"],"_links":{"self":[{"href":"https:\/\/racingwash.fr\/index.php?rest_route=\/wp\/v2\/pages\/375","targetHints":{"allow":["GET"]}}],"collection":[{"href":"https:\/\/racingwash.fr\/index.php?rest_route=\/wp\/v2\/pages"}],"about":[{"href":"https:\/\/racingwash.fr\/index.php?rest_route=\/wp\/v2\/types\/page"}],"author":[{"embeddable":true,"href":"https:\/\/racingwash.fr\/index.php?rest_route=\/wp\/v2\/users\/1"}],"replies":[{"embeddable":true,"href":"https:\/\/racingwash.fr\/index.php?rest_route=%2Fwp%2Fv2%2Fcomments&post=375"}],"version-history":[{"count":121,"href":"https:\/\/racingwash.fr\/index.php?rest_route=\/wp\/v2\/pages\/375\/revisions"}],"predecessor-version":[{"id":1774,"href":"https:\/\/racingwash.fr\/index.php?rest_route=\/wp\/v2\/pages\/375\/revisions\/1774"}],"wp:featuredmedia":[{"embeddable":true,"href":"https:\/\/racingwash.fr\/index.php?rest_route=\/wp\/v2\/media\/1499"}],"wp:attachment":[{"href":"https:\/\/racingwash.fr\/index.php?rest_route=%2Fwp%2Fv2%2Fmedia&parent=375"}],"curies":[{"name":"wp","href":"https:\/\/api.w.org\/{rel}","templated":true}]}}