{"id":229,"date":"2015-07-27T03:29:01","date_gmt":"2015-07-27T03:29:01","guid":{"rendered":"http:\/\/demo.vegatheme.com\/archilight\/?page_id=229"},"modified":"2022-04-07T11:07:20","modified_gmt":"2022-04-07T09:07:20","slug":"about","status":"publish","type":"page","link":"https:\/\/racingwash.fr\/?page_id=229","title":{"rendered":"Mentions L\u00e9gales"},"content":{"rendered":"<p>[vc_row fullwidth=&#8221;yes&#8221; css=&#8221;.vc_custom_1474447018555{background-position: 0 0 !important;background-repeat: no-repeat !important;}&#8221; el_class=&#8221;side-bg no-padding&#8221;][vc_column][vc_column_text css_animation=&#8221;fadeIn&#8221; css=&#8221;.vc_custom_1649322363435{margin-top: 50px !important;margin-right: 100px !important;margin-bottom: 50px !important;margin-left: 100px !important;}&#8221;]<\/p>\r\n<h1 style=\"text-align: center;\"><strong>Editeur du site<\/strong><\/h1>\r\n<p>&nbsp;<\/p>\r\n<p><strong>Racing Wash<\/strong><br \/>par Charles ROUSSIGNOL<br \/>Rue Jeanne la Lorraine<br \/>76850 BOSC-LE-HARD<br \/>France<br \/>T\u00e9l. : + 33 (0)6 22 49 42 80<\/p>\r\n<p>SIRET : 90115853500012 \u2013 APE : Entretient et r\u00e9paration de v\u00e9hicules automobiles l\u00e9gers\u00a0 (4520A)<\/p>\r\n<p><strong>Directeur de la publication<\/strong> : M. Charles ROUSSIGNOL<\/p>\r\n<p><strong>H\u00e9bergement du site<\/strong> racingwash.fr<br \/>soci\u00e9t\u00e9 Infomaniak \u2013 www.infomaniak.com<\/p>\r\n<p>Aucune information personnelle n\u2019est collect\u00e9e \u00e0 votre insu. Les informations que vous nous communiquez lors d\u2019une demande de devis, de renseignements ou d\u2019inscription \u00e0 la newsletter par courrier, par t\u00e9l\u00e9phone, par e-mail ou par formulaire sont uniquement destin\u00e9es au traitement administratif et commercial de votre demande par la soci\u00e9t\u00e9\u00a0<strong>Racing Wash<\/strong>.<\/p>\r\n<p>Elles ne font l\u2019objet d\u2019aucune cession \u00e0 des tiers.\u00a0<strong>Racing Wash<\/strong>\u00a0 traite les informations qui vous concernent avec la plus grande confidentialit\u00e9.<\/p>\r\n<p>Conform\u00e9ment \u00e0 la loi \u00ab Informatique et Libert\u00e9s \u00bb n\u00b078-17 du 6 janvier 1978, vous disposez d\u2019un droit d\u2019acc\u00e8s, de rectification et d\u2019opposition aux donn\u00e9es personnelles vous concernant. Pour l\u2019exercer, il suffit de nous en faire la demande par \u00e9crit aux coordonn\u00e9es suivantes : Rue Jeanne la Lorraine, 76850 BOSC-LE-HARD<\/p>\r\n<p><strong>Droit d\u2019auteur \/ copyright<\/strong><\/p>\r\n<p>L\u2019ensemble du contenu du pr\u00e9sent site Internet, y compris nom de domaine, marques, logo, texte\u2026 est la propri\u00e9t\u00e9 de la soci\u00e9t\u00e9 <strong>Racing Wash<\/strong>, il est prot\u00e9g\u00e9 par les lois en vigueur de la l\u00e9gislation fran\u00e7aise sur la propri\u00e9t\u00e9 intellectuelle.<\/p>\r\n<p>Aucun \u00e9l\u00e9ment de ce site ne peut \u00eatre copi\u00e9, reproduit, d\u00e9tourn\u00e9 ou d\u00e9natur\u00e9, et ce, sur quelque support que ce soit, sans constituer un acte de contrefa\u00e7on au sens des articles L 335-2 et suivants du code de la propri\u00e9t\u00e9 intellectuelle.<br \/>Acc\u00e8s au site<\/p>\r\n<p>L\u2019utilisateur de ce site reconna\u00eet disposer de la comp\u00e9tence et des moyens n\u00e9cessaires pour acc\u00e9der et utiliser ce site. M. Charles ROUSSIGNOL ne saurait \u00eatre tenu responsable des \u00e9l\u00e9ments en dehors de son contr\u00f4le et des dommages qui pourraient \u00e9ventuellement \u00eatre subis par l\u2019environnement technique de l\u2019utilisateur et notamment, ses ordinateurs, logiciels, \u00e9quipements r\u00e9seaux et tout autre mat\u00e9riel utilis\u00e9 pour acc\u00e9der ou utiliser le service et\/ou les informations.<\/p>\r\n<p>Il est rappel\u00e9 que le fait d\u2019acc\u00e9der ou de se maintenir frauduleusement dans un syst\u00e8me informatique, d\u2019entraver ou de fausser le fonctionnement d\u2019un tel syst\u00e8me, d\u2019introduire ou de modifier frauduleusement des donn\u00e9es dans un syst\u00e8me informatique constitue des d\u00e9lits passibles de sanctions p\u00e9nales.<br \/>Limitation de responsabilit\u00e9<\/p>\r\n<p><strong>Racing Wash<\/strong> s\u2019attache \u00e0 transmettre des informations r\u00e9guli\u00e8rement mises \u00e0 jour, notamment sur les actualit\u00e9s ainsi que sur le contenu des articles. Toutefois des informations erron\u00e9es ou des omissions peuvent \u00eatre constat\u00e9es, suite notamment \u00e0 des erreurs de saisie ou de mise en page. Si vous en faisiez le constat nous vous invitons \u00e0 nous le signaler pour que nous puissions proc\u00e9der \u00e0 leur rectification.<\/p>\r\n<p>Nous nous r\u00e9servons par ailleurs le droit de modifier les informations ou les \u00e9ventuelles offres commerciales fournies par le pr\u00e9sent site, dans le cadre de nos op\u00e9rations d\u2019actualisation et de mise \u00e0 jour des donn\u00e9es, et ce sans pr\u00e9avis.<\/p>\r\n<p>Les liens hypertextes mis en \u0153uvre au sein du pr\u00e9sent site Internet, en direction d\u2019autres sites et\/ou de pages personnelles et d\u2019une mani\u00e8re g\u00e9n\u00e9rale vers toutes ressources existantes sur Internet, ne sauraient engager la responsabilit\u00e9 de M. Charles ROUSSIGNOL.<br \/>De m\u00eame que la soci\u00e9t\u00e9\u00a0<strong>Racing Wash<\/strong>\u00a0ne pourra en aucune fa\u00e7on \u00eatre tenue pour responsable des sites ayant un lien hypertexte avec le pr\u00e9sent site et d\u00e9cline toute responsabilit\u00e9 quant \u00e0 leur contenu et \u00e0 leur utilisation.<\/p>\r\n<h1 style=\"text-align: center;\"><strong>Cr\u00e9dits<\/strong><\/h1>\r\n<p>&nbsp;<\/p>\r\n<p>Conception et production\u00a0:\u00a0<a href=\"http:\/\/www.is-informatiques.fr\"><strong>I.S. Informatiques<\/strong><\/a><\/p>\r\n<p>Ce site a \u00e9t\u00e9 propuls\u00e9 \u00e0 l\u2019aide du CMS WordPress<\/p>\r\n<p>[\/vc_column_text][\/vc_column][\/vc_row]<\/p>","protected":false},"excerpt":{"rendered":"<p>[vc_row fullwidth=&#8221;yes&#8221; css=&#8221;.vc_custom_1474447018555{background-position: 0 0 !important;background-repeat: no-repeat !important;}&#8221; el_class=&#8221;side-bg no-padding&#8221;][vc_column][vc_column_text css_animation=&#8221;fadeIn&#8221; css=&#8221;.vc_custom_1649322363435{margin-top: 50px !important;margin-right: 100px !important;margin-bottom: 50px !important;margin-left: 100px !important;}&#8221;] Editeur du site &nbsp; Racing Washpar Charles ROUSSIGNOLRue Jeanne la Lorraine76850 BOSC-LE-HARDFranceT\u00e9l. : + 33 (0)6 22 49 42 80 SIRET : 90115853500012 \u2013 APE : Entretient et r\u00e9paration de v\u00e9hicules automobiles l\u00e9gers\u00a0 (4520A) Directeur [&hellip;]<\/p>\n","protected":false},"author":1,"featured_media":0,"parent":0,"menu_order":0,"comment_status":"open","ping_status":"open","template":"page-templates\/template-fullwidth.php","meta":{"footnotes":""},"class_list":["post-229","page","type-page","status-publish","hentry"],"_links":{"self":[{"href":"https:\/\/racingwash.fr\/index.php?rest_route=\/wp\/v2\/pages\/229","targetHints":{"allow":["GET"]}}],"collection":[{"href":"https:\/\/racingwash.fr\/index.php?rest_route=\/wp\/v2\/pages"}],"about":[{"href":"https:\/\/racingwash.fr\/index.php?rest_route=\/wp\/v2\/types\/page"}],"author":[{"embeddable":true,"href":"https:\/\/racingwash.fr\/index.php?rest_route=\/wp\/v2\/users\/1"}],"replies":[{"embeddable":true,"href":"https:\/\/racingwash.fr\/index.php?rest_route=%2Fwp%2Fv2%2Fcomments&post=229"}],"version-history":[{"count":18,"href":"https:\/\/racingwash.fr\/index.php?rest_route=\/wp\/v2\/pages\/229\/revisions"}],"predecessor-version":[{"id":1699,"href":"https:\/\/racingwash.fr\/index.php?rest_route=\/wp\/v2\/pages\/229\/revisions\/1699"}],"wp:attachment":[{"href":"https:\/\/racingwash.fr\/index.php?rest_route=%2Fwp%2Fv2%2Fmedia&parent=229"}],"curies":[{"name":"wp","href":"https:\/\/api.w.org\/{rel}","templated":true}]}}